{"id":2150,"date":"2022-03-02T19:10:58","date_gmt":"2022-03-02T19:10:58","guid":{"rendered":"https:\/\/quickparts1.wpengine.com\/rapid-prototyping-for-automotive-manufacturing\/"},"modified":"2022-07-25T12:08:26","modified_gmt":"2022-07-25T18:08:26","slug":"rapid-prototyping-for-automotive-manufacturing","status":"publish","type":"page","link":"https:\/\/quickparts.com\/de\/rapid-prototyping-for-automotive-manufacturing\/","title":{"rendered":"Prototypenbau und kundenspezifische Teile f\u00fcr die Automobilindustrie"},"content":{"rendered":"","protected":false},"excerpt":{"rendered":"","protected":false},"author":1,"featured_media":1305,"parent":0,"menu_order":0,"comment_status":"closed","ping_status":"closed","template":"","meta":{"_acf_changed":false,"footnotes":""},"class_list":["post-2150","page","type-page","status-publish","has-post-thumbnail","hentry"],"acf":[],"yoast_head":"<!-- This site is optimized with the Yoast SEO Premium plugin v27.2 (Yoast SEO v27.5) - https:\/\/yoast.com\/product\/yoast-seo-premium-wordpress\/ -->\n<title>Prototypenbau und kundenspezifische Teile f\u00fcr die Automobilindustrie - Quickparts<\/title>\n<meta name=\"description\" content=\"Quickparts unterst\u00fctzt Automobilhersteller bei der schnellen und kosteng\u00fcnstigen Produktion von Prototypen, Werkzeugen und kundenspezifischen Teilen, um die Produktion zu beschleunigen und ma\u00dfgeschneiderte Bauteile herzustellen.\" \/>\n<meta name=\"robots\" content=\"index, follow, max-snippet:-1, max-image-preview:large, max-video-preview:-1\" \/>\n<link rel=\"canonical\" href=\"https:\/\/quickparts.com\/de\/rapid-prototyping-for-automotive-manufacturing\/\" \/>\n<meta property=\"og:locale\" content=\"de_DE\" \/>\n<meta property=\"og:type\" content=\"article\" \/>\n<meta property=\"og:title\" content=\"Prototypenbau und kundenspezifische Teile f\u00fcr die Automobilindustrie\" \/>\n<meta property=\"og:description\" content=\"Quickparts unterst\u00fctzt Automobilhersteller bei der schnellen und kosteng\u00fcnstigen Produktion von Prototypen, Werkzeugen und kundenspezifischen Teilen, um die Produktion zu beschleunigen und ma\u00dfgeschneiderte Bauteile herzustellen.\" \/>\n<meta property=\"og:url\" content=\"https:\/\/quickparts.com\/de\/rapid-prototyping-for-automotive-manufacturing\/\" \/>\n<meta property=\"og:site_name\" content=\"Quickparts\" \/>\n<meta property=\"article:modified_time\" content=\"2022-07-25T18:08:26+00:00\" \/>\n<meta property=\"og:image\" content=\"https:\/\/quickparts.com\/wp-content\/uploads\/2022\/03\/mature-automotive-designer-editing-layouts-in-offi-2021-09-24-03-36-16-utc.jpg\" \/>\n\t<meta property=\"og:image:width\" content=\"1500\" \/>\n\t<meta property=\"og:image:height\" content=\"1000\" \/>\n\t<meta property=\"og:image:type\" content=\"image\/jpeg\" \/>\n<meta name=\"twitter:card\" content=\"summary_large_image\" \/>\n<script type=\"application\/ld+json\" class=\"yoast-schema-graph\">{\"@context\":\"https:\\\/\\\/schema.org\",\"@graph\":[{\"@type\":\"WebPage\",\"@id\":\"https:\\\/\\\/quickparts.com\\\/de\\\/rapid-prototyping-for-automotive-manufacturing\\\/\",\"url\":\"https:\\\/\\\/quickparts.com\\\/de\\\/rapid-prototyping-for-automotive-manufacturing\\\/\",\"name\":\"Prototypenbau und kundenspezifische Teile f\u00fcr die Automobilindustrie - Quickparts\",\"isPartOf\":{\"@id\":\"https:\\\/\\\/quickparts.com\\\/de\\\/#website\"},\"primaryImageOfPage\":{\"@id\":\"https:\\\/\\\/quickparts.com\\\/de\\\/rapid-prototyping-for-automotive-manufacturing\\\/#primaryimage\"},\"image\":{\"@id\":\"https:\\\/\\\/quickparts.com\\\/de\\\/rapid-prototyping-for-automotive-manufacturing\\\/#primaryimage\"},\"thumbnailUrl\":\"https:\\\/\\\/quickparts.com\\\/wp-content\\\/uploads\\\/2022\\\/03\\\/mature-automotive-designer-editing-layouts-in-offi-2021-09-24-03-36-16-utc.jpg\",\"datePublished\":\"2022-03-02T19:10:58+00:00\",\"dateModified\":\"2022-07-25T18:08:26+00:00\",\"description\":\"Quickparts unterst\u00fctzt Automobilhersteller bei der schnellen und kosteng\u00fcnstigen Produktion von Prototypen, Werkzeugen und kundenspezifischen Teilen, um die Produktion zu beschleunigen und ma\u00dfgeschneiderte Bauteile herzustellen.\",\"breadcrumb\":{\"@id\":\"https:\\\/\\\/quickparts.com\\\/de\\\/rapid-prototyping-for-automotive-manufacturing\\\/#breadcrumb\"},\"inLanguage\":\"de-DE\",\"potentialAction\":[{\"@type\":\"ReadAction\",\"target\":[\"https:\\\/\\\/quickparts.com\\\/de\\\/rapid-prototyping-for-automotive-manufacturing\\\/\"]}]},{\"@type\":\"ImageObject\",\"inLanguage\":\"de-DE\",\"@id\":\"https:\\\/\\\/quickparts.com\\\/de\\\/rapid-prototyping-for-automotive-manufacturing\\\/#primaryimage\",\"url\":\"https:\\\/\\\/quickparts.com\\\/wp-content\\\/uploads\\\/2022\\\/03\\\/mature-automotive-designer-editing-layouts-in-offi-2021-09-24-03-36-16-utc.jpg\",\"contentUrl\":\"https:\\\/\\\/quickparts.com\\\/wp-content\\\/uploads\\\/2022\\\/03\\\/mature-automotive-designer-editing-layouts-in-offi-2021-09-24-03-36-16-utc.jpg\",\"width\":1500,\"height\":1000,\"caption\":\"Concentrated mature automotive designer in eyeglasses sitting with car model at table and editing layouts in office\"},{\"@type\":\"BreadcrumbList\",\"@id\":\"https:\\\/\\\/quickparts.com\\\/de\\\/rapid-prototyping-for-automotive-manufacturing\\\/#breadcrumb\",\"itemListElement\":[{\"@type\":\"ListItem\",\"position\":1,\"name\":\"Home\",\"item\":\"https:\\\/\\\/quickparts.com\\\/de\\\/\"},{\"@type\":\"ListItem\",\"position\":2,\"name\":\"Prototypenbau und kundenspezifische Teile f\u00fcr die Automobilindustrie\"}]},{\"@type\":\"WebSite\",\"@id\":\"https:\\\/\\\/quickparts.com\\\/de\\\/#website\",\"url\":\"https:\\\/\\\/quickparts.com\\\/de\\\/\",\"name\":\"Quickparts\",\"description\":\"Online Manufacturing Services\",\"publisher\":{\"@id\":\"https:\\\/\\\/quickparts.com\\\/de\\\/#organization\"},\"potentialAction\":[{\"@type\":\"SearchAction\",\"target\":{\"@type\":\"EntryPoint\",\"urlTemplate\":\"https:\\\/\\\/quickparts.com\\\/de\\\/?s={search_term_string}\"},\"query-input\":{\"@type\":\"PropertyValueSpecification\",\"valueRequired\":true,\"valueName\":\"search_term_string\"}}],\"inLanguage\":\"de-DE\"},{\"@type\":\"Organization\",\"@id\":\"https:\\\/\\\/quickparts.com\\\/de\\\/#organization\",\"name\":\"Quickparts\",\"url\":\"https:\\\/\\\/quickparts.com\\\/de\\\/\",\"logo\":{\"@type\":\"ImageObject\",\"inLanguage\":\"de-DE\",\"@id\":\"https:\\\/\\\/quickparts.com\\\/de\\\/#\\\/schema\\\/logo\\\/image\\\/\",\"url\":\"https:\\\/\\\/quickparts.com\\\/wp-content\\\/uploads\\\/2022\\\/02\\\/Footer-logo.svg\",\"contentUrl\":\"https:\\\/\\\/quickparts.com\\\/wp-content\\\/uploads\\\/2022\\\/02\\\/Footer-logo.svg\",\"width\":1,\"height\":1,\"caption\":\"Quickparts\"},\"image\":{\"@id\":\"https:\\\/\\\/quickparts.com\\\/de\\\/#\\\/schema\\\/logo\\\/image\\\/\"}}]}<\/script>\n<!-- \/ Yoast SEO Premium plugin. -->","yoast_head_json":{"title":"Prototypenbau und kundenspezifische Teile f\u00fcr die Automobilindustrie - Quickparts","description":"Quickparts unterst\u00fctzt Automobilhersteller bei der schnellen und kosteng\u00fcnstigen Produktion von Prototypen, Werkzeugen und kundenspezifischen Teilen, um die Produktion zu beschleunigen und ma\u00dfgeschneiderte Bauteile herzustellen.","robots":{"index":"index","follow":"follow","max-snippet":"max-snippet:-1","max-image-preview":"max-image-preview:large","max-video-preview":"max-video-preview:-1"},"canonical":"https:\/\/quickparts.com\/de\/rapid-prototyping-for-automotive-manufacturing\/","og_locale":"de_DE","og_type":"article","og_title":"Prototypenbau und kundenspezifische Teile f\u00fcr die Automobilindustrie","og_description":"Quickparts unterst\u00fctzt Automobilhersteller bei der schnellen und kosteng\u00fcnstigen Produktion von Prototypen, Werkzeugen und kundenspezifischen Teilen, um die Produktion zu beschleunigen und ma\u00dfgeschneiderte Bauteile herzustellen.","og_url":"https:\/\/quickparts.com\/de\/rapid-prototyping-for-automotive-manufacturing\/","og_site_name":"Quickparts","article_modified_time":"2022-07-25T18:08:26+00:00","og_image":[{"width":1500,"height":1000,"url":"https:\/\/quickparts.com\/wp-content\/uploads\/2022\/03\/mature-automotive-designer-editing-layouts-in-offi-2021-09-24-03-36-16-utc.jpg","type":"image\/jpeg"}],"twitter_card":"summary_large_image","schema":{"@context":"https:\/\/schema.org","@graph":[{"@type":"WebPage","@id":"https:\/\/quickparts.com\/de\/rapid-prototyping-for-automotive-manufacturing\/","url":"https:\/\/quickparts.com\/de\/rapid-prototyping-for-automotive-manufacturing\/","name":"Prototypenbau und kundenspezifische Teile f\u00fcr die Automobilindustrie - Quickparts","isPartOf":{"@id":"https:\/\/quickparts.com\/de\/#website"},"primaryImageOfPage":{"@id":"https:\/\/quickparts.com\/de\/rapid-prototyping-for-automotive-manufacturing\/#primaryimage"},"image":{"@id":"https:\/\/quickparts.com\/de\/rapid-prototyping-for-automotive-manufacturing\/#primaryimage"},"thumbnailUrl":"https:\/\/quickparts.com\/wp-content\/uploads\/2022\/03\/mature-automotive-designer-editing-layouts-in-offi-2021-09-24-03-36-16-utc.jpg","datePublished":"2022-03-02T19:10:58+00:00","dateModified":"2022-07-25T18:08:26+00:00","description":"Quickparts unterst\u00fctzt Automobilhersteller bei der schnellen und kosteng\u00fcnstigen Produktion von Prototypen, Werkzeugen und kundenspezifischen Teilen, um die Produktion zu beschleunigen und ma\u00dfgeschneiderte Bauteile herzustellen.","breadcrumb":{"@id":"https:\/\/quickparts.com\/de\/rapid-prototyping-for-automotive-manufacturing\/#breadcrumb"},"inLanguage":"de-DE","potentialAction":[{"@type":"ReadAction","target":["https:\/\/quickparts.com\/de\/rapid-prototyping-for-automotive-manufacturing\/"]}]},{"@type":"ImageObject","inLanguage":"de-DE","@id":"https:\/\/quickparts.com\/de\/rapid-prototyping-for-automotive-manufacturing\/#primaryimage","url":"https:\/\/quickparts.com\/wp-content\/uploads\/2022\/03\/mature-automotive-designer-editing-layouts-in-offi-2021-09-24-03-36-16-utc.jpg","contentUrl":"https:\/\/quickparts.com\/wp-content\/uploads\/2022\/03\/mature-automotive-designer-editing-layouts-in-offi-2021-09-24-03-36-16-utc.jpg","width":1500,"height":1000,"caption":"Concentrated mature automotive designer in eyeglasses sitting with car model at table and editing layouts in office"},{"@type":"BreadcrumbList","@id":"https:\/\/quickparts.com\/de\/rapid-prototyping-for-automotive-manufacturing\/#breadcrumb","itemListElement":[{"@type":"ListItem","position":1,"name":"Home","item":"https:\/\/quickparts.com\/de\/"},{"@type":"ListItem","position":2,"name":"Prototypenbau und kundenspezifische Teile f\u00fcr die Automobilindustrie"}]},{"@type":"WebSite","@id":"https:\/\/quickparts.com\/de\/#website","url":"https:\/\/quickparts.com\/de\/","name":"Quickparts","description":"Online Manufacturing Services","publisher":{"@id":"https:\/\/quickparts.com\/de\/#organization"},"potentialAction":[{"@type":"SearchAction","target":{"@type":"EntryPoint","urlTemplate":"https:\/\/quickparts.com\/de\/?s={search_term_string}"},"query-input":{"@type":"PropertyValueSpecification","valueRequired":true,"valueName":"search_term_string"}}],"inLanguage":"de-DE"},{"@type":"Organization","@id":"https:\/\/quickparts.com\/de\/#organization","name":"Quickparts","url":"https:\/\/quickparts.com\/de\/","logo":{"@type":"ImageObject","inLanguage":"de-DE","@id":"https:\/\/quickparts.com\/de\/#\/schema\/logo\/image\/","url":"https:\/\/quickparts.com\/wp-content\/uploads\/2022\/02\/Footer-logo.svg","contentUrl":"https:\/\/quickparts.com\/wp-content\/uploads\/2022\/02\/Footer-logo.svg","width":1,"height":1,"caption":"Quickparts"},"image":{"@id":"https:\/\/quickparts.com\/de\/#\/schema\/logo\/image\/"}}]}},"_links":{"self":[{"href":"https:\/\/quickparts.com\/de\/wp-json\/wp\/v2\/pages\/2150","targetHints":{"allow":["GET"]}}],"collection":[{"href":"https:\/\/quickparts.com\/de\/wp-json\/wp\/v2\/pages"}],"about":[{"href":"https:\/\/quickparts.com\/de\/wp-json\/wp\/v2\/types\/page"}],"author":[{"embeddable":true,"href":"https:\/\/quickparts.com\/de\/wp-json\/wp\/v2\/users\/1"}],"replies":[{"embeddable":true,"href":"https:\/\/quickparts.com\/de\/wp-json\/wp\/v2\/comments?post=2150"}],"version-history":[{"count":0,"href":"https:\/\/quickparts.com\/de\/wp-json\/wp\/v2\/pages\/2150\/revisions"}],"wp:featuredmedia":[{"embeddable":true,"href":"https:\/\/quickparts.com\/de\/wp-json\/wp\/v2\/media\/1305"}],"wp:attachment":[{"href":"https:\/\/quickparts.com\/de\/wp-json\/wp\/v2\/media?parent=2150"}],"curies":[{"name":"wp","href":"https:\/\/api.w.org\/{rel}","templated":true}]}}