{"id":2174,"date":"2022-03-17T05:39:29","date_gmt":"2022-03-17T11:39:29","guid":{"rendered":"https:\/\/quickparts1.wpengine.com\/fused-deposition-modeling-fdm\/"},"modified":"2023-11-27T11:49:36","modified_gmt":"2023-11-27T16:49:36","slug":"fused-deposition-modeling-fdm","status":"publish","type":"page","link":"https:\/\/quickparts.com\/de\/fused-deposition-modeling-fdm\/","title":{"rendered":"Fused Deposition Modeling (FDM)"},"content":{"rendered":"","protected":false},"excerpt":{"rendered":"","protected":false},"author":1,"featured_media":0,"parent":0,"menu_order":0,"comment_status":"closed","ping_status":"closed","template":"","meta":{"_acf_changed":false,"footnotes":""},"class_list":["post-2174","page","type-page","status-publish","hentry"],"acf":[],"yoast_head":"<!-- This site is optimized with the Yoast SEO Premium plugin v27.2 (Yoast SEO v27.3) - https:\/\/yoast.com\/product\/yoast-seo-premium-wordpress\/ -->\n<title>Fused Deposition Modeling (FDM) - Quickparts<\/title>\n<meta name=\"description\" content=\"Quickparts verf\u00fcgt \u00fcber langj\u00e4hrige Erfahrung, hochqualifizierte Fachleute und Einrichtungen auf der ganzen Welt, um den FDM-Druck zu unterst\u00fctzen.\" \/>\n<meta name=\"robots\" content=\"index, follow, max-snippet:-1, max-image-preview:large, max-video-preview:-1\" \/>\n<link rel=\"canonical\" href=\"https:\/\/quickparts.com\/de\/fused-deposition-modeling-fdm\/\" \/>\n<meta property=\"og:locale\" content=\"de_DE\" \/>\n<meta property=\"og:type\" content=\"article\" \/>\n<meta property=\"og:title\" content=\"Fused Deposition Modeling (FDM)\" \/>\n<meta property=\"og:description\" content=\"Quickparts verf\u00fcgt \u00fcber langj\u00e4hrige Erfahrung, hochqualifizierte Fachleute und Einrichtungen auf der ganzen Welt, um den FDM-Druck zu unterst\u00fctzen.\" \/>\n<meta property=\"og:url\" content=\"https:\/\/quickparts.com\/de\/fused-deposition-modeling-fdm\/\" \/>\n<meta property=\"og:site_name\" content=\"Quickparts\" \/>\n<meta property=\"article:modified_time\" content=\"2023-11-27T16:49:36+00:00\" \/>\n<meta name=\"twitter:card\" content=\"summary_large_image\" \/>\n<script type=\"application\/ld+json\" class=\"yoast-schema-graph\">{\"@context\":\"https:\\\/\\\/schema.org\",\"@graph\":[{\"@type\":\"WebPage\",\"@id\":\"https:\\\/\\\/quickparts.com\\\/de\\\/fused-deposition-modeling-fdm\\\/\",\"url\":\"https:\\\/\\\/quickparts.com\\\/de\\\/fused-deposition-modeling-fdm\\\/\",\"name\":\"Fused Deposition Modeling (FDM) - Quickparts\",\"isPartOf\":{\"@id\":\"https:\\\/\\\/quickparts.com\\\/de\\\/#website\"},\"datePublished\":\"2022-03-17T11:39:29+00:00\",\"dateModified\":\"2023-11-27T16:49:36+00:00\",\"description\":\"Quickparts verf\u00fcgt \u00fcber langj\u00e4hrige Erfahrung, hochqualifizierte Fachleute und Einrichtungen auf der ganzen Welt, um den FDM-Druck zu unterst\u00fctzen.\",\"breadcrumb\":{\"@id\":\"https:\\\/\\\/quickparts.com\\\/de\\\/fused-deposition-modeling-fdm\\\/#breadcrumb\"},\"inLanguage\":\"de-DE\",\"potentialAction\":[{\"@type\":\"ReadAction\",\"target\":[\"https:\\\/\\\/quickparts.com\\\/de\\\/fused-deposition-modeling-fdm\\\/\"]}]},{\"@type\":\"BreadcrumbList\",\"@id\":\"https:\\\/\\\/quickparts.com\\\/de\\\/fused-deposition-modeling-fdm\\\/#breadcrumb\",\"itemListElement\":[{\"@type\":\"ListItem\",\"position\":1,\"name\":\"Home\",\"item\":\"https:\\\/\\\/quickparts.com\\\/de\\\/\"},{\"@type\":\"ListItem\",\"position\":2,\"name\":\"Fused Deposition Modeling (FDM)\"}]},{\"@type\":\"WebSite\",\"@id\":\"https:\\\/\\\/quickparts.com\\\/de\\\/#website\",\"url\":\"https:\\\/\\\/quickparts.com\\\/de\\\/\",\"name\":\"Quickparts\",\"description\":\"Online Manufacturing Services\",\"publisher\":{\"@id\":\"https:\\\/\\\/quickparts.com\\\/de\\\/#organization\"},\"potentialAction\":[{\"@type\":\"SearchAction\",\"target\":{\"@type\":\"EntryPoint\",\"urlTemplate\":\"https:\\\/\\\/quickparts.com\\\/de\\\/?s={search_term_string}\"},\"query-input\":{\"@type\":\"PropertyValueSpecification\",\"valueRequired\":true,\"valueName\":\"search_term_string\"}}],\"inLanguage\":\"de-DE\"},{\"@type\":\"Organization\",\"@id\":\"https:\\\/\\\/quickparts.com\\\/de\\\/#organization\",\"name\":\"Quickparts\",\"url\":\"https:\\\/\\\/quickparts.com\\\/de\\\/\",\"logo\":{\"@type\":\"ImageObject\",\"inLanguage\":\"de-DE\",\"@id\":\"https:\\\/\\\/quickparts.com\\\/de\\\/#\\\/schema\\\/logo\\\/image\\\/\",\"url\":\"https:\\\/\\\/quickparts.com\\\/wp-content\\\/uploads\\\/2022\\\/02\\\/Footer-logo.svg\",\"contentUrl\":\"https:\\\/\\\/quickparts.com\\\/wp-content\\\/uploads\\\/2022\\\/02\\\/Footer-logo.svg\",\"width\":1,\"height\":1,\"caption\":\"Quickparts\"},\"image\":{\"@id\":\"https:\\\/\\\/quickparts.com\\\/de\\\/#\\\/schema\\\/logo\\\/image\\\/\"}}]}<\/script>\n<!-- \/ Yoast SEO Premium plugin. -->","yoast_head_json":{"title":"Fused Deposition Modeling (FDM) - Quickparts","description":"Quickparts verf\u00fcgt \u00fcber langj\u00e4hrige Erfahrung, hochqualifizierte Fachleute und Einrichtungen auf der ganzen Welt, um den FDM-Druck zu unterst\u00fctzen.","robots":{"index":"index","follow":"follow","max-snippet":"max-snippet:-1","max-image-preview":"max-image-preview:large","max-video-preview":"max-video-preview:-1"},"canonical":"https:\/\/quickparts.com\/de\/fused-deposition-modeling-fdm\/","og_locale":"de_DE","og_type":"article","og_title":"Fused Deposition Modeling (FDM)","og_description":"Quickparts verf\u00fcgt \u00fcber langj\u00e4hrige Erfahrung, hochqualifizierte Fachleute und Einrichtungen auf der ganzen Welt, um den FDM-Druck zu unterst\u00fctzen.","og_url":"https:\/\/quickparts.com\/de\/fused-deposition-modeling-fdm\/","og_site_name":"Quickparts","article_modified_time":"2023-11-27T16:49:36+00:00","twitter_card":"summary_large_image","schema":{"@context":"https:\/\/schema.org","@graph":[{"@type":"WebPage","@id":"https:\/\/quickparts.com\/de\/fused-deposition-modeling-fdm\/","url":"https:\/\/quickparts.com\/de\/fused-deposition-modeling-fdm\/","name":"Fused Deposition Modeling (FDM) - Quickparts","isPartOf":{"@id":"https:\/\/quickparts.com\/de\/#website"},"datePublished":"2022-03-17T11:39:29+00:00","dateModified":"2023-11-27T16:49:36+00:00","description":"Quickparts verf\u00fcgt \u00fcber langj\u00e4hrige Erfahrung, hochqualifizierte Fachleute und Einrichtungen auf der ganzen Welt, um den FDM-Druck zu unterst\u00fctzen.","breadcrumb":{"@id":"https:\/\/quickparts.com\/de\/fused-deposition-modeling-fdm\/#breadcrumb"},"inLanguage":"de-DE","potentialAction":[{"@type":"ReadAction","target":["https:\/\/quickparts.com\/de\/fused-deposition-modeling-fdm\/"]}]},{"@type":"BreadcrumbList","@id":"https:\/\/quickparts.com\/de\/fused-deposition-modeling-fdm\/#breadcrumb","itemListElement":[{"@type":"ListItem","position":1,"name":"Home","item":"https:\/\/quickparts.com\/de\/"},{"@type":"ListItem","position":2,"name":"Fused Deposition Modeling (FDM)"}]},{"@type":"WebSite","@id":"https:\/\/quickparts.com\/de\/#website","url":"https:\/\/quickparts.com\/de\/","name":"Quickparts","description":"Online Manufacturing Services","publisher":{"@id":"https:\/\/quickparts.com\/de\/#organization"},"potentialAction":[{"@type":"SearchAction","target":{"@type":"EntryPoint","urlTemplate":"https:\/\/quickparts.com\/de\/?s={search_term_string}"},"query-input":{"@type":"PropertyValueSpecification","valueRequired":true,"valueName":"search_term_string"}}],"inLanguage":"de-DE"},{"@type":"Organization","@id":"https:\/\/quickparts.com\/de\/#organization","name":"Quickparts","url":"https:\/\/quickparts.com\/de\/","logo":{"@type":"ImageObject","inLanguage":"de-DE","@id":"https:\/\/quickparts.com\/de\/#\/schema\/logo\/image\/","url":"https:\/\/quickparts.com\/wp-content\/uploads\/2022\/02\/Footer-logo.svg","contentUrl":"https:\/\/quickparts.com\/wp-content\/uploads\/2022\/02\/Footer-logo.svg","width":1,"height":1,"caption":"Quickparts"},"image":{"@id":"https:\/\/quickparts.com\/de\/#\/schema\/logo\/image\/"}}]}},"_links":{"self":[{"href":"https:\/\/quickparts.com\/de\/wp-json\/wp\/v2\/pages\/2174","targetHints":{"allow":["GET"]}}],"collection":[{"href":"https:\/\/quickparts.com\/de\/wp-json\/wp\/v2\/pages"}],"about":[{"href":"https:\/\/quickparts.com\/de\/wp-json\/wp\/v2\/types\/page"}],"author":[{"embeddable":true,"href":"https:\/\/quickparts.com\/de\/wp-json\/wp\/v2\/users\/1"}],"replies":[{"embeddable":true,"href":"https:\/\/quickparts.com\/de\/wp-json\/wp\/v2\/comments?post=2174"}],"version-history":[{"count":0,"href":"https:\/\/quickparts.com\/de\/wp-json\/wp\/v2\/pages\/2174\/revisions"}],"wp:attachment":[{"href":"https:\/\/quickparts.com\/de\/wp-json\/wp\/v2\/media?parent=2174"}],"curies":[{"name":"wp","href":"https:\/\/api.w.org\/{rel}","templated":true}]}}