{"id":12451,"date":"2025-12-18T05:12:16","date_gmt":"2025-12-18T10:12:16","guid":{"rendered":"https:\/\/quickparts.com\/plastic-injection-molding\/"},"modified":"2025-12-22T05:18:47","modified_gmt":"2025-12-22T10:18:47","slug":"services-de-moulage-par-injection-de-plastique","status":"publish","type":"page","link":"https:\/\/quickparts.com\/fr\/services-de-moulage-par-injection-de-plastique\/","title":{"rendered":"Moulage par injection de plastique"},"content":{"rendered":"","protected":false},"excerpt":{"rendered":"","protected":false},"author":23,"featured_media":0,"parent":0,"menu_order":0,"comment_status":"closed","ping_status":"closed","template":"templates\/new-flexible-template.php","meta":{"_acf_changed":false,"footnotes":""},"class_list":["post-12451","page","type-page","status-publish","hentry"],"acf":[],"yoast_head":"<!-- This site is optimized with the Yoast SEO Premium plugin v27.2 (Yoast SEO v27.3) - https:\/\/yoast.com\/product\/yoast-seo-premium-wordpress\/ -->\n<title>Moulage par injection de plastique - Quickparts<\/title>\n<meta name=\"description\" content=\"B\u00e9n\u00e9ficiez de services de moulage par injection plastique de haute qualit\u00e9 avec Quickparts, une soci\u00e9t\u00e9 mondiale de moulage par injection au service des \u00c9tats-Unis, du Royaume-Uni, de la France, de l&#039;Italie et au-del\u00e0.\" \/>\n<meta name=\"robots\" content=\"index, follow, max-snippet:-1, max-image-preview:large, max-video-preview:-1\" \/>\n<link rel=\"canonical\" href=\"https:\/\/quickparts.com\/fr\/services-de-moulage-par-injection-de-plastique\/\" \/>\n<meta property=\"og:locale\" content=\"fr_FR\" \/>\n<meta property=\"og:type\" content=\"article\" \/>\n<meta property=\"og:title\" content=\"Moulage par injection de plastique\" \/>\n<meta property=\"og:description\" content=\"B\u00e9n\u00e9ficiez de services de moulage par injection plastique de haute qualit\u00e9 avec Quickparts, une soci\u00e9t\u00e9 mondiale de moulage par injection au service des \u00c9tats-Unis, du Royaume-Uni, de la France, de l&#039;Italie et au-del\u00e0.\" \/>\n<meta property=\"og:url\" content=\"https:\/\/quickparts.com\/fr\/services-de-moulage-par-injection-de-plastique\/\" \/>\n<meta property=\"og:site_name\" content=\"Quickparts\" \/>\n<meta property=\"article:modified_time\" content=\"2025-12-22T10:18:47+00:00\" \/>\n<meta name=\"twitter:card\" content=\"summary_large_image\" \/>\n<meta name=\"twitter:label1\" content=\"Dur\u00e9e de lecture estim\u00e9e\" \/>\n\t<meta name=\"twitter:data1\" content=\"16 minutes\" \/>\n<script type=\"application\/ld+json\" class=\"yoast-schema-graph\">{\"@context\":\"https:\\\/\\\/schema.org\",\"@graph\":[{\"@type\":\"WebPage\",\"@id\":\"https:\\\/\\\/quickparts.com\\\/fr\\\/services-de-moulage-par-injection-de-plastique\\\/\",\"url\":\"https:\\\/\\\/quickparts.com\\\/fr\\\/services-de-moulage-par-injection-de-plastique\\\/\",\"name\":\"Moulage par injection de plastique - Quickparts\",\"isPartOf\":{\"@id\":\"https:\\\/\\\/quickparts.com\\\/fr\\\/#website\"},\"datePublished\":\"2025-12-18T10:12:16+00:00\",\"dateModified\":\"2025-12-22T10:18:47+00:00\",\"description\":\"B\u00e9n\u00e9ficiez de services de moulage par injection plastique de haute qualit\u00e9 avec Quickparts, une soci\u00e9t\u00e9 mondiale de moulage par injection au service des \u00c9tats-Unis, du Royaume-Uni, de la France, de l'Italie et au-del\u00e0.\",\"breadcrumb\":{\"@id\":\"https:\\\/\\\/quickparts.com\\\/fr\\\/services-de-moulage-par-injection-de-plastique\\\/#breadcrumb\"},\"inLanguage\":\"fr-FR\",\"potentialAction\":[{\"@type\":\"ReadAction\",\"target\":[\"https:\\\/\\\/quickparts.com\\\/fr\\\/services-de-moulage-par-injection-de-plastique\\\/\"]}]},{\"@type\":\"BreadcrumbList\",\"@id\":\"https:\\\/\\\/quickparts.com\\\/fr\\\/services-de-moulage-par-injection-de-plastique\\\/#breadcrumb\",\"itemListElement\":[{\"@type\":\"ListItem\",\"position\":1,\"name\":\"Home\",\"item\":\"https:\\\/\\\/quickparts.com\\\/fr\\\/\"},{\"@type\":\"ListItem\",\"position\":2,\"name\":\"Moulage par injection de plastique\"}]},{\"@type\":\"WebSite\",\"@id\":\"https:\\\/\\\/quickparts.com\\\/fr\\\/#website\",\"url\":\"https:\\\/\\\/quickparts.com\\\/fr\\\/\",\"name\":\"Quickparts\",\"description\":\"Online Manufacturing Services\",\"publisher\":{\"@id\":\"https:\\\/\\\/quickparts.com\\\/fr\\\/#organization\"},\"potentialAction\":[{\"@type\":\"SearchAction\",\"target\":{\"@type\":\"EntryPoint\",\"urlTemplate\":\"https:\\\/\\\/quickparts.com\\\/fr\\\/?s={search_term_string}\"},\"query-input\":{\"@type\":\"PropertyValueSpecification\",\"valueRequired\":true,\"valueName\":\"search_term_string\"}}],\"inLanguage\":\"fr-FR\"},{\"@type\":\"Organization\",\"@id\":\"https:\\\/\\\/quickparts.com\\\/fr\\\/#organization\",\"name\":\"Quickparts\",\"url\":\"https:\\\/\\\/quickparts.com\\\/fr\\\/\",\"logo\":{\"@type\":\"ImageObject\",\"inLanguage\":\"fr-FR\",\"@id\":\"https:\\\/\\\/quickparts.com\\\/fr\\\/#\\\/schema\\\/logo\\\/image\\\/\",\"url\":\"https:\\\/\\\/quickparts.com\\\/wp-content\\\/uploads\\\/2022\\\/02\\\/Footer-logo.svg\",\"contentUrl\":\"https:\\\/\\\/quickparts.com\\\/wp-content\\\/uploads\\\/2022\\\/02\\\/Footer-logo.svg\",\"width\":1,\"height\":1,\"caption\":\"Quickparts\"},\"image\":{\"@id\":\"https:\\\/\\\/quickparts.com\\\/fr\\\/#\\\/schema\\\/logo\\\/image\\\/\"}}]}<\/script>\n<!-- \/ Yoast SEO Premium plugin. -->","yoast_head_json":{"title":"Moulage par injection de plastique - Quickparts","description":"B\u00e9n\u00e9ficiez de services de moulage par injection plastique de haute qualit\u00e9 avec Quickparts, une soci\u00e9t\u00e9 mondiale de moulage par injection au service des \u00c9tats-Unis, du Royaume-Uni, de la France, de l'Italie et au-del\u00e0.","robots":{"index":"index","follow":"follow","max-snippet":"max-snippet:-1","max-image-preview":"max-image-preview:large","max-video-preview":"max-video-preview:-1"},"canonical":"https:\/\/quickparts.com\/fr\/services-de-moulage-par-injection-de-plastique\/","og_locale":"fr_FR","og_type":"article","og_title":"Moulage par injection de plastique","og_description":"B\u00e9n\u00e9ficiez de services de moulage par injection plastique de haute qualit\u00e9 avec Quickparts, une soci\u00e9t\u00e9 mondiale de moulage par injection au service des \u00c9tats-Unis, du Royaume-Uni, de la France, de l'Italie et au-del\u00e0.","og_url":"https:\/\/quickparts.com\/fr\/services-de-moulage-par-injection-de-plastique\/","og_site_name":"Quickparts","article_modified_time":"2025-12-22T10:18:47+00:00","twitter_card":"summary_large_image","twitter_misc":{"Dur\u00e9e de lecture estim\u00e9e":"16 minutes"},"schema":{"@context":"https:\/\/schema.org","@graph":[{"@type":"WebPage","@id":"https:\/\/quickparts.com\/fr\/services-de-moulage-par-injection-de-plastique\/","url":"https:\/\/quickparts.com\/fr\/services-de-moulage-par-injection-de-plastique\/","name":"Moulage par injection de plastique - Quickparts","isPartOf":{"@id":"https:\/\/quickparts.com\/fr\/#website"},"datePublished":"2025-12-18T10:12:16+00:00","dateModified":"2025-12-22T10:18:47+00:00","description":"B\u00e9n\u00e9ficiez de services de moulage par injection plastique de haute qualit\u00e9 avec Quickparts, une soci\u00e9t\u00e9 mondiale de moulage par injection au service des \u00c9tats-Unis, du Royaume-Uni, de la France, de l'Italie et au-del\u00e0.","breadcrumb":{"@id":"https:\/\/quickparts.com\/fr\/services-de-moulage-par-injection-de-plastique\/#breadcrumb"},"inLanguage":"fr-FR","potentialAction":[{"@type":"ReadAction","target":["https:\/\/quickparts.com\/fr\/services-de-moulage-par-injection-de-plastique\/"]}]},{"@type":"BreadcrumbList","@id":"https:\/\/quickparts.com\/fr\/services-de-moulage-par-injection-de-plastique\/#breadcrumb","itemListElement":[{"@type":"ListItem","position":1,"name":"Home","item":"https:\/\/quickparts.com\/fr\/"},{"@type":"ListItem","position":2,"name":"Moulage par injection de plastique"}]},{"@type":"WebSite","@id":"https:\/\/quickparts.com\/fr\/#website","url":"https:\/\/quickparts.com\/fr\/","name":"Quickparts","description":"Online Manufacturing Services","publisher":{"@id":"https:\/\/quickparts.com\/fr\/#organization"},"potentialAction":[{"@type":"SearchAction","target":{"@type":"EntryPoint","urlTemplate":"https:\/\/quickparts.com\/fr\/?s={search_term_string}"},"query-input":{"@type":"PropertyValueSpecification","valueRequired":true,"valueName":"search_term_string"}}],"inLanguage":"fr-FR"},{"@type":"Organization","@id":"https:\/\/quickparts.com\/fr\/#organization","name":"Quickparts","url":"https:\/\/quickparts.com\/fr\/","logo":{"@type":"ImageObject","inLanguage":"fr-FR","@id":"https:\/\/quickparts.com\/fr\/#\/schema\/logo\/image\/","url":"https:\/\/quickparts.com\/wp-content\/uploads\/2022\/02\/Footer-logo.svg","contentUrl":"https:\/\/quickparts.com\/wp-content\/uploads\/2022\/02\/Footer-logo.svg","width":1,"height":1,"caption":"Quickparts"},"image":{"@id":"https:\/\/quickparts.com\/fr\/#\/schema\/logo\/image\/"}}]}},"_links":{"self":[{"href":"https:\/\/quickparts.com\/fr\/wp-json\/wp\/v2\/pages\/12451","targetHints":{"allow":["GET"]}}],"collection":[{"href":"https:\/\/quickparts.com\/fr\/wp-json\/wp\/v2\/pages"}],"about":[{"href":"https:\/\/quickparts.com\/fr\/wp-json\/wp\/v2\/types\/page"}],"author":[{"embeddable":true,"href":"https:\/\/quickparts.com\/fr\/wp-json\/wp\/v2\/users\/23"}],"replies":[{"embeddable":true,"href":"https:\/\/quickparts.com\/fr\/wp-json\/wp\/v2\/comments?post=12451"}],"version-history":[{"count":0,"href":"https:\/\/quickparts.com\/fr\/wp-json\/wp\/v2\/pages\/12451\/revisions"}],"wp:attachment":[{"href":"https:\/\/quickparts.com\/fr\/wp-json\/wp\/v2\/media?parent=12451"}],"curies":[{"name":"wp","href":"https:\/\/api.w.org\/{rel}","templated":true}]}}