{"id":3077,"date":"2022-06-06T10:38:37","date_gmt":"2022-06-06T16:38:37","guid":{"rendered":"https:\/\/quickparts.com\/?page_id=3077"},"modified":"2023-09-26T13:31:27","modified_gmt":"2023-09-26T17:31:27","slug":"faq-technique","status":"publish","type":"page","link":"https:\/\/quickparts.com\/fr\/faq-technique\/","title":{"rendered":"FAQ Technique"},"content":{"rendered":"","protected":false},"excerpt":{"rendered":"","protected":false},"author":16,"featured_media":7279,"parent":0,"menu_order":0,"comment_status":"closed","ping_status":"closed","template":"","meta":{"_acf_changed":false,"footnotes":""},"class_list":["post-3077","page","type-page","status-publish","has-post-thumbnail","hentry"],"acf":[],"yoast_head":"<!-- This site is optimized with the Yoast SEO Premium plugin v27.2 (Yoast SEO v27.3) - https:\/\/yoast.com\/product\/yoast-seo-premium-wordpress\/ -->\n<title>FAQ Technique - Quickparts<\/title>\n<meta name=\"description\" content=\"Consultez notre FAQ technique pour des r\u00e9ponses aux questions courantes sur la fabrication additive et l&#039;ing\u00e9nierie. Quickparts est l\u00e0 pour vous.\" \/>\n<meta name=\"robots\" content=\"index, follow, max-snippet:-1, max-image-preview:large, max-video-preview:-1\" \/>\n<link rel=\"canonical\" href=\"https:\/\/quickparts.com\/fr\/faq-technique\/\" \/>\n<meta property=\"og:locale\" content=\"fr_FR\" \/>\n<meta property=\"og:type\" content=\"article\" \/>\n<meta property=\"og:title\" content=\"FAQ Technique\" \/>\n<meta property=\"og:description\" content=\"Consultez notre FAQ technique pour des r\u00e9ponses aux questions courantes sur la fabrication additive et l&#039;ing\u00e9nierie. Quickparts est l\u00e0 pour vous.\" \/>\n<meta property=\"og:url\" content=\"https:\/\/quickparts.com\/fr\/faq-technique\/\" \/>\n<meta property=\"og:site_name\" content=\"Quickparts\" \/>\n<meta property=\"article:modified_time\" content=\"2023-09-26T17:31:27+00:00\" \/>\n<meta name=\"twitter:card\" content=\"summary_large_image\" \/>\n<script type=\"application\/ld+json\" class=\"yoast-schema-graph\">{\"@context\":\"https:\\\/\\\/schema.org\",\"@graph\":[{\"@type\":\"WebPage\",\"@id\":\"https:\\\/\\\/quickparts.com\\\/fr\\\/faq-technique\\\/\",\"url\":\"https:\\\/\\\/quickparts.com\\\/fr\\\/faq-technique\\\/\",\"name\":\"FAQ Technique - Quickparts\",\"isPartOf\":{\"@id\":\"https:\\\/\\\/quickparts.com\\\/fr\\\/#website\"},\"primaryImageOfPage\":{\"@id\":\"https:\\\/\\\/quickparts.com\\\/fr\\\/faq-technique\\\/#primaryimage\"},\"image\":{\"@id\":\"https:\\\/\\\/quickparts.com\\\/fr\\\/faq-technique\\\/#primaryimage\"},\"thumbnailUrl\":\"https:\\\/\\\/quickparts.com\\\/wp-content\\\/uploads\\\/2023\\\/06\\\/3D-printing-workarounds-hero.jpg\",\"datePublished\":\"2022-06-06T16:38:37+00:00\",\"dateModified\":\"2023-09-26T17:31:27+00:00\",\"description\":\"Consultez notre FAQ technique pour des r\u00e9ponses aux questions courantes sur la fabrication additive et l'ing\u00e9nierie. Quickparts est l\u00e0 pour vous.\",\"breadcrumb\":{\"@id\":\"https:\\\/\\\/quickparts.com\\\/fr\\\/faq-technique\\\/#breadcrumb\"},\"inLanguage\":\"fr-FR\",\"potentialAction\":[{\"@type\":\"ReadAction\",\"target\":[\"https:\\\/\\\/quickparts.com\\\/fr\\\/faq-technique\\\/\"]}]},{\"@type\":\"ImageObject\",\"inLanguage\":\"fr-FR\",\"@id\":\"https:\\\/\\\/quickparts.com\\\/fr\\\/faq-technique\\\/#primaryimage\",\"url\":\"https:\\\/\\\/quickparts.com\\\/wp-content\\\/uploads\\\/2023\\\/06\\\/3D-printing-workarounds-hero.jpg\",\"contentUrl\":\"https:\\\/\\\/quickparts.com\\\/wp-content\\\/uploads\\\/2023\\\/06\\\/3D-printing-workarounds-hero.jpg\",\"width\":1800,\"height\":1001,\"caption\":\"measuring part accuracy\"},{\"@type\":\"BreadcrumbList\",\"@id\":\"https:\\\/\\\/quickparts.com\\\/fr\\\/faq-technique\\\/#breadcrumb\",\"itemListElement\":[{\"@type\":\"ListItem\",\"position\":1,\"name\":\"Home\",\"item\":\"https:\\\/\\\/quickparts.com\\\/fr\\\/\"},{\"@type\":\"ListItem\",\"position\":2,\"name\":\"FAQ Technique\"}]},{\"@type\":\"WebSite\",\"@id\":\"https:\\\/\\\/quickparts.com\\\/fr\\\/#website\",\"url\":\"https:\\\/\\\/quickparts.com\\\/fr\\\/\",\"name\":\"Quickparts\",\"description\":\"Online Manufacturing Services\",\"publisher\":{\"@id\":\"https:\\\/\\\/quickparts.com\\\/fr\\\/#organization\"},\"potentialAction\":[{\"@type\":\"SearchAction\",\"target\":{\"@type\":\"EntryPoint\",\"urlTemplate\":\"https:\\\/\\\/quickparts.com\\\/fr\\\/?s={search_term_string}\"},\"query-input\":{\"@type\":\"PropertyValueSpecification\",\"valueRequired\":true,\"valueName\":\"search_term_string\"}}],\"inLanguage\":\"fr-FR\"},{\"@type\":\"Organization\",\"@id\":\"https:\\\/\\\/quickparts.com\\\/fr\\\/#organization\",\"name\":\"Quickparts\",\"url\":\"https:\\\/\\\/quickparts.com\\\/fr\\\/\",\"logo\":{\"@type\":\"ImageObject\",\"inLanguage\":\"fr-FR\",\"@id\":\"https:\\\/\\\/quickparts.com\\\/fr\\\/#\\\/schema\\\/logo\\\/image\\\/\",\"url\":\"https:\\\/\\\/quickparts.com\\\/wp-content\\\/uploads\\\/2022\\\/02\\\/Footer-logo.svg\",\"contentUrl\":\"https:\\\/\\\/quickparts.com\\\/wp-content\\\/uploads\\\/2022\\\/02\\\/Footer-logo.svg\",\"width\":1,\"height\":1,\"caption\":\"Quickparts\"},\"image\":{\"@id\":\"https:\\\/\\\/quickparts.com\\\/fr\\\/#\\\/schema\\\/logo\\\/image\\\/\"}}]}<\/script>\n<!-- \/ Yoast SEO Premium plugin. -->","yoast_head_json":{"title":"FAQ Technique - Quickparts","description":"Consultez notre FAQ technique pour des r\u00e9ponses aux questions courantes sur la fabrication additive et l'ing\u00e9nierie. Quickparts est l\u00e0 pour vous.","robots":{"index":"index","follow":"follow","max-snippet":"max-snippet:-1","max-image-preview":"max-image-preview:large","max-video-preview":"max-video-preview:-1"},"canonical":"https:\/\/quickparts.com\/fr\/faq-technique\/","og_locale":"fr_FR","og_type":"article","og_title":"FAQ Technique","og_description":"Consultez notre FAQ technique pour des r\u00e9ponses aux questions courantes sur la fabrication additive et l'ing\u00e9nierie. Quickparts est l\u00e0 pour vous.","og_url":"https:\/\/quickparts.com\/fr\/faq-technique\/","og_site_name":"Quickparts","article_modified_time":"2023-09-26T17:31:27+00:00","twitter_card":"summary_large_image","schema":{"@context":"https:\/\/schema.org","@graph":[{"@type":"WebPage","@id":"https:\/\/quickparts.com\/fr\/faq-technique\/","url":"https:\/\/quickparts.com\/fr\/faq-technique\/","name":"FAQ Technique - Quickparts","isPartOf":{"@id":"https:\/\/quickparts.com\/fr\/#website"},"primaryImageOfPage":{"@id":"https:\/\/quickparts.com\/fr\/faq-technique\/#primaryimage"},"image":{"@id":"https:\/\/quickparts.com\/fr\/faq-technique\/#primaryimage"},"thumbnailUrl":"https:\/\/quickparts.com\/wp-content\/uploads\/2023\/06\/3D-printing-workarounds-hero.jpg","datePublished":"2022-06-06T16:38:37+00:00","dateModified":"2023-09-26T17:31:27+00:00","description":"Consultez notre FAQ technique pour des r\u00e9ponses aux questions courantes sur la fabrication additive et l'ing\u00e9nierie. Quickparts est l\u00e0 pour vous.","breadcrumb":{"@id":"https:\/\/quickparts.com\/fr\/faq-technique\/#breadcrumb"},"inLanguage":"fr-FR","potentialAction":[{"@type":"ReadAction","target":["https:\/\/quickparts.com\/fr\/faq-technique\/"]}]},{"@type":"ImageObject","inLanguage":"fr-FR","@id":"https:\/\/quickparts.com\/fr\/faq-technique\/#primaryimage","url":"https:\/\/quickparts.com\/wp-content\/uploads\/2023\/06\/3D-printing-workarounds-hero.jpg","contentUrl":"https:\/\/quickparts.com\/wp-content\/uploads\/2023\/06\/3D-printing-workarounds-hero.jpg","width":1800,"height":1001,"caption":"measuring part accuracy"},{"@type":"BreadcrumbList","@id":"https:\/\/quickparts.com\/fr\/faq-technique\/#breadcrumb","itemListElement":[{"@type":"ListItem","position":1,"name":"Home","item":"https:\/\/quickparts.com\/fr\/"},{"@type":"ListItem","position":2,"name":"FAQ Technique"}]},{"@type":"WebSite","@id":"https:\/\/quickparts.com\/fr\/#website","url":"https:\/\/quickparts.com\/fr\/","name":"Quickparts","description":"Online Manufacturing Services","publisher":{"@id":"https:\/\/quickparts.com\/fr\/#organization"},"potentialAction":[{"@type":"SearchAction","target":{"@type":"EntryPoint","urlTemplate":"https:\/\/quickparts.com\/fr\/?s={search_term_string}"},"query-input":{"@type":"PropertyValueSpecification","valueRequired":true,"valueName":"search_term_string"}}],"inLanguage":"fr-FR"},{"@type":"Organization","@id":"https:\/\/quickparts.com\/fr\/#organization","name":"Quickparts","url":"https:\/\/quickparts.com\/fr\/","logo":{"@type":"ImageObject","inLanguage":"fr-FR","@id":"https:\/\/quickparts.com\/fr\/#\/schema\/logo\/image\/","url":"https:\/\/quickparts.com\/wp-content\/uploads\/2022\/02\/Footer-logo.svg","contentUrl":"https:\/\/quickparts.com\/wp-content\/uploads\/2022\/02\/Footer-logo.svg","width":1,"height":1,"caption":"Quickparts"},"image":{"@id":"https:\/\/quickparts.com\/fr\/#\/schema\/logo\/image\/"}}]}},"_links":{"self":[{"href":"https:\/\/quickparts.com\/fr\/wp-json\/wp\/v2\/pages\/3077","targetHints":{"allow":["GET"]}}],"collection":[{"href":"https:\/\/quickparts.com\/fr\/wp-json\/wp\/v2\/pages"}],"about":[{"href":"https:\/\/quickparts.com\/fr\/wp-json\/wp\/v2\/types\/page"}],"author":[{"embeddable":true,"href":"https:\/\/quickparts.com\/fr\/wp-json\/wp\/v2\/users\/16"}],"replies":[{"embeddable":true,"href":"https:\/\/quickparts.com\/fr\/wp-json\/wp\/v2\/comments?post=3077"}],"version-history":[{"count":0,"href":"https:\/\/quickparts.com\/fr\/wp-json\/wp\/v2\/pages\/3077\/revisions"}],"wp:featuredmedia":[{"embeddable":true,"href":"https:\/\/quickparts.com\/fr\/wp-json\/wp\/v2\/media\/7279"}],"wp:attachment":[{"href":"https:\/\/quickparts.com\/fr\/wp-json\/wp\/v2\/media?parent=3077"}],"curies":[{"name":"wp","href":"https:\/\/api.w.org\/{rel}","templated":true}]}}